{"id":766,"date":"2025-11-04T11:45:29","date_gmt":"2025-11-04T11:45:29","guid":{"rendered":"https:\/\/hofapart.com\/?page_id=766"},"modified":"2025-11-04T12:18:35","modified_gmt":"2025-11-04T12:18:35","slug":"impressum","status":"publish","type":"page","link":"https:\/\/hofapart.com\/index.php\/impressum\/","title":{"rendered":"Impressum"},"content":{"rendered":"\n<p>HofApart UG (haftungsbeschr\u00e4nkt)<br>Bahnhofstra\u00dfe 41<br>95028 Hof<\/p>\n\n\n\n<p><strong>Vertreten durch den Gesch\u00e4ftsf\u00fchrer:<\/strong><br>Narek Voskanjan<\/p>\n\n\n\n<p><strong>Kontakt<\/strong><br>Telefon: 0177 7991416<br>E-Mail: <a>info@hofapart.com<\/a><\/p>\n\n\n\n<p><strong>Registereintrag<\/strong><br>Eintragung im Handelsregister<br>Registergericht: Amtsgericht Hof<br>Registernummer: <strong>HRB 6683<\/strong><\/p>\n\n\n\n<p><strong>Umsatzsteuer-ID<\/strong><br>USt-IdNr. gem\u00e4\u00df \u00a7 27a UStG: <strong>Folgt in k\u00fcrze<\/strong><\/p>\n\n\n\n<hr class=\"wp-block-separator has-alpha-channel-opacity\"\/>\n\n\n\n<p><strong>Hinweis nach \u00a7 36 VSBG (Verbraucherstreitbeilegung):<\/strong><br>Wir sind nicht verpflichtet und nicht bereit, an Streitbeilegungsverfahren vor einer Verbraucherschlichtungsstelle teilzunehmen.<\/p>\n\n\n\n<p><strong>Plattform der EU-Kommission zur Online-Streitbeilegung (OS):<\/strong><br><a>https:\/\/ec.europa.eu\/consumers\/odr\/<\/a><\/p>\n\n\n\n<p><strong>Verantwortlich f\u00fcr den Inhalt nach \u00a7 55 Abs. 2 RStV (nur falls journalistisch-redaktionelle Inhalte angeboten werden):<\/strong><br>Narek Voskanjan, HofApart UG (haftungsbeschr\u00e4nkt), Bahnhofstra\u00dfe 41, 95028 Hof<\/p>\n","protected":false},"excerpt":{"rendered":"<p>HofApart UG (haftungsbeschr\u00e4nkt)Bahnhofstra\u00dfe 4195028 Hof Vertreten durch den Gesch\u00e4ftsf\u00fchrer:Narek Voskanjan KontaktTelefon: 0177 7991416E-Mail: info@hofapart.com RegistereintragEintragung im HandelsregisterRegistergericht: Amtsgericht HofRegisternummer: HRB 6683 Umsatzsteuer-IDUSt-IdNr. gem\u00e4\u00df \u00a7 27a UStG: Folgt in k\u00fcrze Hinweis nach \u00a7 36 VSBG (Verbraucherstreitbeilegung):Wir sind nicht verpflichtet und nicht bereit, an Streitbeilegungsverfahren vor einer Verbraucherschlichtungsstelle teilzunehmen. Plattform der EU-Kommission zur Online-Streitbeilegung (OS):https:\/\/ec.europa.eu\/consumers\/odr\/ Verantwortlich f\u00fcr [&hellip;]<\/p>\n","protected":false},"author":1,"featured_media":0,"parent":0,"menu_order":0,"comment_status":"closed","ping_status":"closed","template":"","meta":{"footnotes":""},"class_list":["post-766","page","type-page","status-publish","hentry"],"blocksy_meta":[],"_links":{"self":[{"href":"https:\/\/hofapart.com\/index.php\/wp-json\/wp\/v2\/pages\/766","targetHints":{"allow":["GET"]}}],"collection":[{"href":"https:\/\/hofapart.com\/index.php\/wp-json\/wp\/v2\/pages"}],"about":[{"href":"https:\/\/hofapart.com\/index.php\/wp-json\/wp\/v2\/types\/page"}],"author":[{"embeddable":true,"href":"https:\/\/hofapart.com\/index.php\/wp-json\/wp\/v2\/users\/1"}],"replies":[{"embeddable":true,"href":"https:\/\/hofapart.com\/index.php\/wp-json\/wp\/v2\/comments?post=766"}],"version-history":[{"count":2,"href":"https:\/\/hofapart.com\/index.php\/wp-json\/wp\/v2\/pages\/766\/revisions"}],"predecessor-version":[{"id":777,"href":"https:\/\/hofapart.com\/index.php\/wp-json\/wp\/v2\/pages\/766\/revisions\/777"}],"wp:attachment":[{"href":"https:\/\/hofapart.com\/index.php\/wp-json\/wp\/v2\/media?parent=766"}],"curies":[{"name":"wp","href":"https:\/\/api.w.org\/{rel}","templated":true}]}}